{"id":995,"date":"2026-02-16T21:14:05","date_gmt":"2026-02-16T21:14:05","guid":{"rendered":"https:\/\/joliette.golf\/?page_id=995"},"modified":"2026-02-16T21:24:05","modified_gmt":"2026-02-16T21:24:05","slug":"equipe","status":"publish","type":"page","link":"https:\/\/joliette.golf\/en\/equipe\/","title":{"rendered":"Le CA et l\u2019\u00e9quipe"},"content":{"rendered":"<div data-elementor-type=\"wp-post\" data-elementor-id=\"995\" class=\"elementor elementor-995\" data-elementor-post-type=\"page\">\n\t\t\t\t\t\t<section class=\"elementor-section elementor-top-section elementor-element elementor-element-24cb0f46 elementor-section-height-min-height elementor-section-full_width elementor-section-height-default elementor-section-items-middle elementor-invisible\" data-id=\"24cb0f46\" data-element_type=\"section\" data-settings=\"{&quot;background_background&quot;:&quot;classic&quot;,&quot;animation&quot;:&quot;fadeIn&quot;}\">\n\t\t\t\t\t\t\t<div class=\"elementor-background-overlay\"><\/div>\n\t\t\t\t\t\t\t<div class=\"elementor-container elementor-column-gap-default\">\n\t\t\t\t\t<div class=\"elementor-column elementor-col-100 elementor-top-column elementor-element elementor-element-13a2f203\" data-id=\"13a2f203\" data-element_type=\"column\">\n\t\t\t<div class=\"elementor-widget-wrap elementor-element-populated\">\n\t\t\t\t\t\t<div class=\"elementor-element elementor-element-20996b89 elementor-view-default elementor-position-top elementor-invisible elementor-widget elementor-widget-themo-header\" data-id=\"20996b89\" data-element_type=\"widget\" data-settings=\"{&quot;_animation&quot;:&quot;fadeInUp&quot;,&quot;_animation_delay&quot;:800}\" data-widget_type=\"themo-header.default\">\n\t\t\t\t<div class=\"elementor-widget-container\">\n\t\t\t\t\t\t\t<div class=\"th-header-wrap\">\n        <div class=\"elementor-icon-box-wrapper\">\n                            <div class=\"elementor-icon-box-content\">\n                    <h2 class=\"elementor-icon-box-title\">\n                        Le CA et l\u2019\u00e9quipe                    <\/h2>\n                                        <p class=\"elementor-icon-box-description\"><\/p>\n\n                                    <\/div>\n            <\/div>\n\n        <\/div>\n\n\t\t\t\t\t\t<\/div>\n\t\t\t\t<\/div>\n\t\t\t\t\t<\/div>\n\t\t<\/div>\n\t\t\t\t\t<\/div>\n\t\t<\/section>\n\t\t\t\t<section class=\"elementor-section elementor-top-section elementor-element elementor-element-4fde1cba elementor-section-full_width elementor-section-height-default elementor-section-height-default\" data-id=\"4fde1cba\" data-element_type=\"section\" data-settings=\"{&quot;background_background&quot;:&quot;classic&quot;}\">\n\t\t\t\t\t\t<div class=\"elementor-container elementor-column-gap-default\">\n\t\t\t\t\t<div class=\"elementor-column elementor-col-100 elementor-top-column elementor-element elementor-element-12b35bbc\" data-id=\"12b35bbc\" data-element_type=\"column\">\n\t\t\t<div class=\"elementor-widget-wrap elementor-element-populated\">\n\t\t\t\t\t\t<div class=\"elementor-element elementor-element-7db91a60 elementor-widget elementor-widget-spacer\" data-id=\"7db91a60\" data-element_type=\"widget\" data-widget_type=\"spacer.default\">\n\t\t\t\t<div class=\"elementor-widget-container\">\n\t\t\t\t\t\t\t<div class=\"elementor-spacer\">\n\t\t\t<div class=\"elementor-spacer-inner\"><\/div>\n\t\t<\/div>\n\t\t\t\t\t\t<\/div>\n\t\t\t\t<\/div>\n\t\t\t\t\t<\/div>\n\t\t<\/div>\n\t\t\t\t\t<\/div>\n\t\t<\/section>\n\t\t<div class=\"elementor-element elementor-element-c27ea9f e-flex e-con-boxed e-con e-parent\" data-id=\"c27ea9f\" data-element_type=\"container\">\n\t\t\t\t\t<div class=\"e-con-inner\">\n\t\t<div class=\"elementor-element elementor-element-1489e63 e-con-full e-flex e-con e-child\" data-id=\"1489e63\" data-element_type=\"container\">\n\t\t\t\t\t\t\t\n\t\t<img class=\"e-image-base\"  \n\t\t\t\t\t\t\t\t\tid=\"990\"\n\t\t\t\t\t\t\t\t\t\t\t\tsrc=\"https:\/\/joliette.golf\/wp-content\/uploads\/2026\/01\/Debbie-Di-Chiaro-presidente-scaled.jpg\"\n\t\t\t\t\t\t\t\t\t\t\t\twidth=\"2011\"\n\t\t\t\t\t\t\t\t\t\t\t\theight=\"2560\"\n\t\t\t\t\t\t\t\t\t\t\t\tsrcset=\"https:\/\/joliette.golf\/wp-content\/uploads\/2026\/01\/Debbie-Di-Chiaro-presidente-scaled.jpg 2011w, https:\/\/joliette.golf\/wp-content\/uploads\/2026\/01\/Debbie-Di-Chiaro-presidente-236x300.jpg 236w, https:\/\/joliette.golf\/wp-content\/uploads\/2026\/01\/Debbie-Di-Chiaro-presidente-805x1024.jpg 805w, https:\/\/joliette.golf\/wp-content\/uploads\/2026\/01\/Debbie-Di-Chiaro-presidente-768x977.jpg 768w, https:\/\/joliette.golf\/wp-content\/uploads\/2026\/01\/Debbie-Di-Chiaro-presidente-1207x1536.jpg 1207w, https:\/\/joliette.golf\/wp-content\/uploads\/2026\/01\/Debbie-Di-Chiaro-presidente-1609x2048.jpg 1609w, https:\/\/joliette.golf\/wp-content\/uploads\/2026\/01\/Debbie-Di-Chiaro-presidente-9x12.jpg 9w, https:\/\/joliette.golf\/wp-content\/uploads\/2026\/01\/Debbie-Di-Chiaro-presidente-102x130.jpg 102w, https:\/\/joliette.golf\/wp-content\/uploads\/2026\/01\/Debbie-Di-Chiaro-presidente-63x80.jpg 63w, https:\/\/joliette.golf\/wp-content\/uploads\/2026\/01\/Debbie-Di-Chiaro-presidente-238x303.jpg 238w, https:\/\/joliette.golf\/wp-content\/uploads\/2026\/01\/Debbie-Di-Chiaro-presidente-550x700.jpg 550w, https:\/\/joliette.golf\/wp-content\/uploads\/2026\/01\/Debbie-Di-Chiaro-presidente-746x950.jpg 746w, https:\/\/joliette.golf\/wp-content\/uploads\/2026\/01\/Debbie-Di-Chiaro-presidente-849x1080.jpg 849w\"\n\t\t\t\t\t\t\t\t\t\t\t\talt=\"\"\n\t\t\t\t\t\t\/>\n\t\t\t\t\t<\/div>\n\t\t<div class=\"elementor-element elementor-element-5504faf e-con-full e-flex e-con e-child\" data-id=\"5504faf\" data-element_type=\"container\">\n\t\t\t\t<div class=\"elementor-element elementor-element-dea769a elementor-widget elementor-widget-text-editor\" data-id=\"dea769a\" data-element_type=\"widget\" data-widget_type=\"text-editor.default\">\n\t\t\t\t<div class=\"elementor-widget-container\">\n\t\t\t\t\t\t\t\t\t<p><strong>Debbie Di Chiaro<\/strong><br \/>Pr\u00e9sidente<\/p>\t\t\t\t\t\t\t\t<\/div>\n\t\t\t\t<\/div>\n\t\t\t\t<\/div>\n\t\t\t\t\t<\/div>\n\t\t\t\t<\/div>\n\t\t<div class=\"elementor-element elementor-element-68aa280 e-flex e-con-boxed e-con e-parent\" data-id=\"68aa280\" data-element_type=\"container\">\n\t\t\t\t\t<div class=\"e-con-inner\">\n\t\t<div class=\"elementor-element elementor-element-6214ce3 e-con-full e-flex e-con e-child\" data-id=\"6214ce3\" data-element_type=\"container\">\n\t\t\t\t\t\t\t\n\t\t<img class=\"e-image-base\"  \n\t\t\t\t\t\t\t\t\tid=\"992\"\n\t\t\t\t\t\t\t\t\t\t\t\tsrc=\"https:\/\/joliette.golf\/wp-content\/uploads\/2026\/02\/Michel-Morin-vice-president-scaled.jpg\"\n\t\t\t\t\t\t\t\t\t\t\t\twidth=\"2011\"\n\t\t\t\t\t\t\t\t\t\t\t\theight=\"2560\"\n\t\t\t\t\t\t\t\t\t\t\t\tsrcset=\"https:\/\/joliette.golf\/wp-content\/uploads\/2026\/02\/Michel-Morin-vice-president-scaled.jpg 2011w, https:\/\/joliette.golf\/wp-content\/uploads\/2026\/02\/Michel-Morin-vice-president-236x300.jpg 236w, https:\/\/joliette.golf\/wp-content\/uploads\/2026\/02\/Michel-Morin-vice-president-805x1024.jpg 805w, https:\/\/joliette.golf\/wp-content\/uploads\/2026\/02\/Michel-Morin-vice-president-768x977.jpg 768w, https:\/\/joliette.golf\/wp-content\/uploads\/2026\/02\/Michel-Morin-vice-president-1207x1536.jpg 1207w, https:\/\/joliette.golf\/wp-content\/uploads\/2026\/02\/Michel-Morin-vice-president-1609x2048.jpg 1609w, https:\/\/joliette.golf\/wp-content\/uploads\/2026\/02\/Michel-Morin-vice-president-9x12.jpg 9w, https:\/\/joliette.golf\/wp-content\/uploads\/2026\/02\/Michel-Morin-vice-president-102x130.jpg 102w, https:\/\/joliette.golf\/wp-content\/uploads\/2026\/02\/Michel-Morin-vice-president-63x80.jpg 63w, https:\/\/joliette.golf\/wp-content\/uploads\/2026\/02\/Michel-Morin-vice-president-238x303.jpg 238w, https:\/\/joliette.golf\/wp-content\/uploads\/2026\/02\/Michel-Morin-vice-president-550x700.jpg 550w, https:\/\/joliette.golf\/wp-content\/uploads\/2026\/02\/Michel-Morin-vice-president-746x950.jpg 746w, https:\/\/joliette.golf\/wp-content\/uploads\/2026\/02\/Michel-Morin-vice-president-849x1080.jpg 849w\"\n\t\t\t\t\t\t\t\t\t\t\t\talt=\"\"\n\t\t\t\t\t\t\/>\n\t\t\t\t\t<\/div>\n\t\t<div class=\"elementor-element elementor-element-83f7514 e-con-full e-flex e-con e-child\" data-id=\"83f7514\" data-element_type=\"container\">\n\t\t\t\t<div class=\"elementor-element elementor-element-5241409 elementor-widget elementor-widget-text-editor\" data-id=\"5241409\" data-element_type=\"widget\" data-widget_type=\"text-editor.default\">\n\t\t\t\t<div class=\"elementor-widget-container\">\n\t\t\t\t\t\t\t\t\t<p><strong>Michel Morin<\/strong><br \/>Vice-pr\u00e9sident<\/p>\t\t\t\t\t\t\t\t<\/div>\n\t\t\t\t<\/div>\n\t\t\t\t<\/div>\n\t\t\t\t\t<\/div>\n\t\t\t\t<\/div>\n\t\t<div class=\"elementor-element elementor-element-d5cf615 e-flex e-con-boxed e-con e-parent\" data-id=\"d5cf615\" data-element_type=\"container\">\n\t\t\t\t\t<div class=\"e-con-inner\">\n\t\t<div class=\"elementor-element elementor-element-fcdb05d e-con-full e-flex e-con e-child\" data-id=\"fcdb05d\" data-element_type=\"container\">\n\t\t\t\t\t\t\t\n\t\t<img class=\"e-image-base\"  \n\t\t\t\t\t\t\t\t\tid=\"986\"\n\t\t\t\t\t\t\t\t\t\t\t\tsrc=\"https:\/\/joliette.golf\/wp-content\/uploads\/2026\/01\/Anne-Renee-Sylvestre-capitaine-scaled.jpg\"\n\t\t\t\t\t\t\t\t\t\t\t\twidth=\"1707\"\n\t\t\t\t\t\t\t\t\t\t\t\theight=\"2560\"\n\t\t\t\t\t\t\t\t\t\t\t\tsrcset=\"https:\/\/joliette.golf\/wp-content\/uploads\/2026\/01\/Anne-Renee-Sylvestre-capitaine-scaled.jpg 1707w, https:\/\/joliette.golf\/wp-content\/uploads\/2026\/01\/Anne-Renee-Sylvestre-capitaine-200x300.jpg 200w, https:\/\/joliette.golf\/wp-content\/uploads\/2026\/01\/Anne-Renee-Sylvestre-capitaine-683x1024.jpg 683w, https:\/\/joliette.golf\/wp-content\/uploads\/2026\/01\/Anne-Renee-Sylvestre-capitaine-768x1152.jpg 768w, https:\/\/joliette.golf\/wp-content\/uploads\/2026\/01\/Anne-Renee-Sylvestre-capitaine-1024x1536.jpg 1024w, https:\/\/joliette.golf\/wp-content\/uploads\/2026\/01\/Anne-Renee-Sylvestre-capitaine-1365x2048.jpg 1365w, https:\/\/joliette.golf\/wp-content\/uploads\/2026\/01\/Anne-Renee-Sylvestre-capitaine-8x12.jpg 8w, https:\/\/joliette.golf\/wp-content\/uploads\/2026\/01\/Anne-Renee-Sylvestre-capitaine-87x130.jpg 87w, https:\/\/joliette.golf\/wp-content\/uploads\/2026\/01\/Anne-Renee-Sylvestre-capitaine-53x80.jpg 53w, https:\/\/joliette.golf\/wp-content\/uploads\/2026\/01\/Anne-Renee-Sylvestre-capitaine-202x303.jpg 202w, https:\/\/joliette.golf\/wp-content\/uploads\/2026\/01\/Anne-Renee-Sylvestre-capitaine-467x700.jpg 467w, https:\/\/joliette.golf\/wp-content\/uploads\/2026\/01\/Anne-Renee-Sylvestre-capitaine-633x950.jpg 633w, https:\/\/joliette.golf\/wp-content\/uploads\/2026\/01\/Anne-Renee-Sylvestre-capitaine-720x1080.jpg 720w\"\n\t\t\t\t\t\t\t\t\t\t\t\talt=\"\"\n\t\t\t\t\t\t\/>\n\t\t\t\t\t<\/div>\n\t\t<div class=\"elementor-element elementor-element-53d447f e-con-full e-flex e-con e-child\" data-id=\"53d447f\" data-element_type=\"container\">\n\t\t\t\t<div class=\"elementor-element elementor-element-8fad43b elementor-widget elementor-widget-text-editor\" data-id=\"8fad43b\" data-element_type=\"widget\" data-widget_type=\"text-editor.default\">\n\t\t\t\t<div class=\"elementor-widget-container\">\n\t\t\t\t\t\t\t\t\t<p><strong>Anne-Ren\u00e9e Sylvestre<\/strong><br \/>Capitaine<\/p>\t\t\t\t\t\t\t\t<\/div>\n\t\t\t\t<\/div>\n\t\t\t\t<\/div>\n\t\t\t\t\t<\/div>\n\t\t\t\t<\/div>\n\t\t<div class=\"elementor-element elementor-element-8585213 e-flex e-con-boxed e-con e-parent\" data-id=\"8585213\" data-element_type=\"container\">\n\t\t\t\t\t<div class=\"e-con-inner\">\n\t\t<div class=\"elementor-element elementor-element-87a786d e-con-full e-flex e-con e-child\" data-id=\"87a786d\" data-element_type=\"container\">\n\t\t\t\t\t\t\t\n\t\t<img class=\"e-image-base\"  \n\t\t\t\t\t\t\t\t\tid=\"989\"\n\t\t\t\t\t\t\t\t\t\t\t\tsrc=\"https:\/\/joliette.golf\/wp-content\/uploads\/2026\/01\/Michel-Perreault-tresorier-scaled.jpg\"\n\t\t\t\t\t\t\t\t\t\t\t\twidth=\"2011\"\n\t\t\t\t\t\t\t\t\t\t\t\theight=\"2560\"\n\t\t\t\t\t\t\t\t\t\t\t\tsrcset=\"https:\/\/joliette.golf\/wp-content\/uploads\/2026\/01\/Michel-Perreault-tresorier-scaled.jpg 2011w, https:\/\/joliette.golf\/wp-content\/uploads\/2026\/01\/Michel-Perreault-tresorier-236x300.jpg 236w, https:\/\/joliette.golf\/wp-content\/uploads\/2026\/01\/Michel-Perreault-tresorier-805x1024.jpg 805w, https:\/\/joliette.golf\/wp-content\/uploads\/2026\/01\/Michel-Perreault-tresorier-768x977.jpg 768w, https:\/\/joliette.golf\/wp-content\/uploads\/2026\/01\/Michel-Perreault-tresorier-1207x1536.jpg 1207w, https:\/\/joliette.golf\/wp-content\/uploads\/2026\/01\/Michel-Perreault-tresorier-1609x2048.jpg 1609w, https:\/\/joliette.golf\/wp-content\/uploads\/2026\/01\/Michel-Perreault-tresorier-9x12.jpg 9w, https:\/\/joliette.golf\/wp-content\/uploads\/2026\/01\/Michel-Perreault-tresorier-102x130.jpg 102w, https:\/\/joliette.golf\/wp-content\/uploads\/2026\/01\/Michel-Perreault-tresorier-63x80.jpg 63w, https:\/\/joliette.golf\/wp-content\/uploads\/2026\/01\/Michel-Perreault-tresorier-238x303.jpg 238w, https:\/\/joliette.golf\/wp-content\/uploads\/2026\/01\/Michel-Perreault-tresorier-550x700.jpg 550w, https:\/\/joliette.golf\/wp-content\/uploads\/2026\/01\/Michel-Perreault-tresorier-746x950.jpg 746w, https:\/\/joliette.golf\/wp-content\/uploads\/2026\/01\/Michel-Perreault-tresorier-849x1080.jpg 849w\"\n\t\t\t\t\t\t\t\t\t\t\t\talt=\"\"\n\t\t\t\t\t\t\/>\n\t\t\t\t\t<\/div>\n\t\t<div class=\"elementor-element elementor-element-6efd00e e-con-full e-flex e-con e-child\" data-id=\"6efd00e\" data-element_type=\"container\">\n\t\t\t\t<div class=\"elementor-element elementor-element-498d30b elementor-widget elementor-widget-text-editor\" data-id=\"498d30b\" data-element_type=\"widget\" data-widget_type=\"text-editor.default\">\n\t\t\t\t<div class=\"elementor-widget-container\">\n\t\t\t\t\t\t\t\t\t<p><strong>Michel Perreault<\/strong> <br \/>Tr\u00e9sorier<\/p>\t\t\t\t\t\t\t\t<\/div>\n\t\t\t\t<\/div>\n\t\t\t\t<\/div>\n\t\t\t\t\t<\/div>\n\t\t\t\t<\/div>\n\t\t<div class=\"elementor-element elementor-element-7b80081 e-flex e-con-boxed e-con e-parent\" data-id=\"7b80081\" data-element_type=\"container\">\n\t\t\t\t\t<div class=\"e-con-inner\">\n\t\t<div class=\"elementor-element elementor-element-d8a8aae e-con-full e-flex e-con e-child\" data-id=\"d8a8aae\" data-element_type=\"container\">\n\t\t\t\t\t\t\t\n\t\t<img class=\"e-image-base\"  \n\t\t\t\t\t\t\t\t\tid=\"993\"\n\t\t\t\t\t\t\t\t\t\t\t\tsrc=\"https:\/\/joliette.golf\/wp-content\/uploads\/2026\/02\/Daniel-Leblanc-secretaire-scaled.jpg\"\n\t\t\t\t\t\t\t\t\t\t\t\twidth=\"2011\"\n\t\t\t\t\t\t\t\t\t\t\t\theight=\"2560\"\n\t\t\t\t\t\t\t\t\t\t\t\tsrcset=\"https:\/\/joliette.golf\/wp-content\/uploads\/2026\/02\/Daniel-Leblanc-secretaire-scaled.jpg 2011w, https:\/\/joliette.golf\/wp-content\/uploads\/2026\/02\/Daniel-Leblanc-secretaire-236x300.jpg 236w, https:\/\/joliette.golf\/wp-content\/uploads\/2026\/02\/Daniel-Leblanc-secretaire-805x1024.jpg 805w, https:\/\/joliette.golf\/wp-content\/uploads\/2026\/02\/Daniel-Leblanc-secretaire-768x977.jpg 768w, https:\/\/joliette.golf\/wp-content\/uploads\/2026\/02\/Daniel-Leblanc-secretaire-1207x1536.jpg 1207w, https:\/\/joliette.golf\/wp-content\/uploads\/2026\/02\/Daniel-Leblanc-secretaire-1609x2048.jpg 1609w, https:\/\/joliette.golf\/wp-content\/uploads\/2026\/02\/Daniel-Leblanc-secretaire-9x12.jpg 9w, https:\/\/joliette.golf\/wp-content\/uploads\/2026\/02\/Daniel-Leblanc-secretaire-102x130.jpg 102w, https:\/\/joliette.golf\/wp-content\/uploads\/2026\/02\/Daniel-Leblanc-secretaire-63x80.jpg 63w, https:\/\/joliette.golf\/wp-content\/uploads\/2026\/02\/Daniel-Leblanc-secretaire-238x303.jpg 238w, https:\/\/joliette.golf\/wp-content\/uploads\/2026\/02\/Daniel-Leblanc-secretaire-550x700.jpg 550w, https:\/\/joliette.golf\/wp-content\/uploads\/2026\/02\/Daniel-Leblanc-secretaire-746x950.jpg 746w, https:\/\/joliette.golf\/wp-content\/uploads\/2026\/02\/Daniel-Leblanc-secretaire-849x1080.jpg 849w\"\n\t\t\t\t\t\t\t\t\t\t\t\talt=\"\"\n\t\t\t\t\t\t\/>\n\t\t\t\t\t<\/div>\n\t\t<div class=\"elementor-element elementor-element-d4e2018 e-con-full e-flex e-con e-child\" data-id=\"d4e2018\" data-element_type=\"container\">\n\t\t\t\t<div class=\"elementor-element elementor-element-922185a elementor-widget elementor-widget-text-editor\" data-id=\"922185a\" data-element_type=\"widget\" data-widget_type=\"text-editor.default\">\n\t\t\t\t<div class=\"elementor-widget-container\">\n\t\t\t\t\t\t\t\t\t<p><strong>Daniel Leblanc<\/strong> <br \/>Secr\u00e9taire<\/p>\t\t\t\t\t\t\t\t<\/div>\n\t\t\t\t<\/div>\n\t\t\t\t<\/div>\n\t\t\t\t\t<\/div>\n\t\t\t\t<\/div>\n\t\t<div class=\"elementor-element elementor-element-961acf0 e-flex e-con-boxed e-con e-parent\" data-id=\"961acf0\" data-element_type=\"container\">\n\t\t\t\t\t<div class=\"e-con-inner\">\n\t\t<div class=\"elementor-element elementor-element-3663900 e-con-full e-flex e-con e-child\" data-id=\"3663900\" data-element_type=\"container\">\n\t\t\t\t\t\t\t\n\t\t<img class=\"e-image-base\"  \n\t\t\t\t\t\t\t\t\tid=\"994\"\n\t\t\t\t\t\t\t\t\t\t\t\tsrc=\"https:\/\/joliette.golf\/wp-content\/uploads\/2026\/02\/Sylvain-Ste-Marie-administrateur-scaled.jpg\"\n\t\t\t\t\t\t\t\t\t\t\t\twidth=\"2011\"\n\t\t\t\t\t\t\t\t\t\t\t\theight=\"2560\"\n\t\t\t\t\t\t\t\t\t\t\t\tsrcset=\"https:\/\/joliette.golf\/wp-content\/uploads\/2026\/02\/Sylvain-Ste-Marie-administrateur-scaled.jpg 2011w, https:\/\/joliette.golf\/wp-content\/uploads\/2026\/02\/Sylvain-Ste-Marie-administrateur-236x300.jpg 236w, https:\/\/joliette.golf\/wp-content\/uploads\/2026\/02\/Sylvain-Ste-Marie-administrateur-805x1024.jpg 805w, https:\/\/joliette.golf\/wp-content\/uploads\/2026\/02\/Sylvain-Ste-Marie-administrateur-768x977.jpg 768w, https:\/\/joliette.golf\/wp-content\/uploads\/2026\/02\/Sylvain-Ste-Marie-administrateur-1207x1536.jpg 1207w, https:\/\/joliette.golf\/wp-content\/uploads\/2026\/02\/Sylvain-Ste-Marie-administrateur-1609x2048.jpg 1609w, https:\/\/joliette.golf\/wp-content\/uploads\/2026\/02\/Sylvain-Ste-Marie-administrateur-9x12.jpg 9w, https:\/\/joliette.golf\/wp-content\/uploads\/2026\/02\/Sylvain-Ste-Marie-administrateur-102x130.jpg 102w, https:\/\/joliette.golf\/wp-content\/uploads\/2026\/02\/Sylvain-Ste-Marie-administrateur-63x80.jpg 63w, https:\/\/joliette.golf\/wp-content\/uploads\/2026\/02\/Sylvain-Ste-Marie-administrateur-238x303.jpg 238w, https:\/\/joliette.golf\/wp-content\/uploads\/2026\/02\/Sylvain-Ste-Marie-administrateur-550x700.jpg 550w, https:\/\/joliette.golf\/wp-content\/uploads\/2026\/02\/Sylvain-Ste-Marie-administrateur-746x950.jpg 746w, https:\/\/joliette.golf\/wp-content\/uploads\/2026\/02\/Sylvain-Ste-Marie-administrateur-849x1080.jpg 849w\"\n\t\t\t\t\t\t\t\t\t\t\t\talt=\"\"\n\t\t\t\t\t\t\/>\n\t\t\t\t\t<\/div>\n\t\t<div class=\"elementor-element elementor-element-d072f98 e-con-full e-flex e-con e-child\" data-id=\"d072f98\" data-element_type=\"container\">\n\t\t\t\t<div class=\"elementor-element elementor-element-2eab32b elementor-widget elementor-widget-text-editor\" data-id=\"2eab32b\" data-element_type=\"widget\" data-widget_type=\"text-editor.default\">\n\t\t\t\t<div class=\"elementor-widget-container\">\n\t\t\t\t\t\t\t\t\t<p><strong>Sylvain Ste-Marie<\/strong><br \/>Administrateur<\/p>\t\t\t\t\t\t\t\t<\/div>\n\t\t\t\t<\/div>\n\t\t\t\t<\/div>\n\t\t\t\t\t<\/div>\n\t\t\t\t<\/div>\n\t\t<div class=\"elementor-element elementor-element-b57a1e1 e-flex e-con-boxed e-con e-parent\" data-id=\"b57a1e1\" data-element_type=\"container\">\n\t\t\t\t\t<div class=\"e-con-inner\">\n\t\t<div class=\"elementor-element elementor-element-991eec2 e-con-full e-flex e-con e-child\" data-id=\"991eec2\" data-element_type=\"container\">\n\t\t\t\t\t\t\t\n\t\t<img class=\"e-image-base\"  \n\t\t\t\t\t\t\t\t\tid=\"987\"\n\t\t\t\t\t\t\t\t\t\t\t\tsrc=\"https:\/\/joliette.golf\/wp-content\/uploads\/2026\/01\/Benoit-Bonin-administrateur-scaled.jpg\"\n\t\t\t\t\t\t\t\t\t\t\t\twidth=\"1707\"\n\t\t\t\t\t\t\t\t\t\t\t\theight=\"2560\"\n\t\t\t\t\t\t\t\t\t\t\t\tsrcset=\"https:\/\/joliette.golf\/wp-content\/uploads\/2026\/01\/Benoit-Bonin-administrateur-scaled.jpg 1707w, https:\/\/joliette.golf\/wp-content\/uploads\/2026\/01\/Benoit-Bonin-administrateur-200x300.jpg 200w, https:\/\/joliette.golf\/wp-content\/uploads\/2026\/01\/Benoit-Bonin-administrateur-683x1024.jpg 683w, https:\/\/joliette.golf\/wp-content\/uploads\/2026\/01\/Benoit-Bonin-administrateur-768x1152.jpg 768w, https:\/\/joliette.golf\/wp-content\/uploads\/2026\/01\/Benoit-Bonin-administrateur-1024x1536.jpg 1024w, https:\/\/joliette.golf\/wp-content\/uploads\/2026\/01\/Benoit-Bonin-administrateur-1365x2048.jpg 1365w, https:\/\/joliette.golf\/wp-content\/uploads\/2026\/01\/Benoit-Bonin-administrateur-8x12.jpg 8w, https:\/\/joliette.golf\/wp-content\/uploads\/2026\/01\/Benoit-Bonin-administrateur-87x130.jpg 87w, https:\/\/joliette.golf\/wp-content\/uploads\/2026\/01\/Benoit-Bonin-administrateur-53x80.jpg 53w, https:\/\/joliette.golf\/wp-content\/uploads\/2026\/01\/Benoit-Bonin-administrateur-202x303.jpg 202w, https:\/\/joliette.golf\/wp-content\/uploads\/2026\/01\/Benoit-Bonin-administrateur-467x700.jpg 467w, https:\/\/joliette.golf\/wp-content\/uploads\/2026\/01\/Benoit-Bonin-administrateur-633x950.jpg 633w, https:\/\/joliette.golf\/wp-content\/uploads\/2026\/01\/Benoit-Bonin-administrateur-720x1080.jpg 720w\"\n\t\t\t\t\t\t\t\t\t\t\t\talt=\"\"\n\t\t\t\t\t\t\/>\n\t\t\t\t\t<\/div>\n\t\t<div class=\"elementor-element elementor-element-5cef07b e-con-full e-flex e-con e-child\" data-id=\"5cef07b\" data-element_type=\"container\">\n\t\t\t\t<div class=\"elementor-element elementor-element-d6e5abe elementor-widget elementor-widget-text-editor\" data-id=\"d6e5abe\" data-element_type=\"widget\" data-widget_type=\"text-editor.default\">\n\t\t\t\t<div class=\"elementor-widget-container\">\n\t\t\t\t\t\t\t\t\t<p><strong>Benoit Bonin<\/strong><br \/>Administrateur<\/p>\t\t\t\t\t\t\t\t<\/div>\n\t\t\t\t<\/div>\n\t\t\t\t<\/div>\n\t\t\t\t\t<\/div>\n\t\t\t\t<\/div>\n\t\t\t\t<\/div>\n\t\t\n    <div class=\"xs_social_share_widget xs_share_url after_content \t\tmain_content  wslu-style-1 wslu-share-box-shaped wslu-fill-colored wslu-none wslu-share-horizontal wslu-theme-font-no wslu-main_content\">\n\n\t\t\n        <ul>\n\t\t\t        <\/ul>\n    <\/div>","protected":false},"excerpt":{"rendered":"<p>Le CA et l\u2019\u00e9quipe Debbie Di ChiaroPr\u00e9sidente Michel MorinVice-pr\u00e9sident Anne-Ren\u00e9e SylvestreCapitaine Michel Perreault Tr\u00e9sorier Daniel Leblanc Secr\u00e9taire Sylvain Ste-MarieAdministrateur Benoit BoninAdministrateur<\/p>","protected":false},"author":1,"featured_media":0,"parent":0,"menu_order":1,"comment_status":"closed","ping_status":"closed","template":"","meta":{"postBodyCss":"","postBodyMargin":[],"postBodyPadding":[],"postBodyBackground":{"backgroundType":"classic","gradient":""},"footnotes":""},"class_list":["post-995","page","type-page","status-publish","hentry"],"_links":{"self":[{"href":"https:\/\/joliette.golf\/en\/wp-json\/wp\/v2\/pages\/995","targetHints":{"allow":["GET"]}}],"collection":[{"href":"https:\/\/joliette.golf\/en\/wp-json\/wp\/v2\/pages"}],"about":[{"href":"https:\/\/joliette.golf\/en\/wp-json\/wp\/v2\/types\/page"}],"author":[{"embeddable":true,"href":"https:\/\/joliette.golf\/en\/wp-json\/wp\/v2\/users\/1"}],"replies":[{"embeddable":true,"href":"https:\/\/joliette.golf\/en\/wp-json\/wp\/v2\/comments?post=995"}],"version-history":[{"count":4,"href":"https:\/\/joliette.golf\/en\/wp-json\/wp\/v2\/pages\/995\/revisions"}],"predecessor-version":[{"id":999,"href":"https:\/\/joliette.golf\/en\/wp-json\/wp\/v2\/pages\/995\/revisions\/999"}],"wp:attachment":[{"href":"https:\/\/joliette.golf\/en\/wp-json\/wp\/v2\/media?parent=995"}],"curies":[{"name":"wp","href":"https:\/\/api.w.org\/{rel}","templated":true}]}}